{"id":7,"date":"2021-03-17T21:02:57","date_gmt":"2021-03-17T21:02:57","guid":{"rendered":"http:\/\/zanao3.hospedagemdesites.ws\/?page_id=7"},"modified":"2024-09-06T17:07:23","modified_gmt":"2024-09-06T17:07:23","slug":"home","status":"publish","type":"page","link":"https:\/\/zanao.adv.br\/","title":{"rendered":"Escrit\u00f3rio"},"content":{"rendered":"\t\t<div data-elementor-type=\"wp-page\" data-elementor-id=\"7\" class=\"elementor elementor-7\" data-elementor-post-type=\"page\">\n\t\t\t\t\t\t<section class=\"elementor-section elementor-top-section elementor-element elementor-element-dc2e8d9 elementor-section-boxed elementor-section-height-default elementor-section-height-default\" data-id=\"dc2e8d9\" data-element_type=\"section\" data-settings=\"{&quot;background_background&quot;:&quot;classic&quot;}\">\n\t\t\t\t\t\t<div class=\"elementor-container elementor-column-gap-default\">\n\t\t\t\t\t<div class=\"elementor-column elementor-col-50 elementor-top-column elementor-element elementor-element-44e73c1\" data-id=\"44e73c1\" data-element_type=\"column\">\n\t\t\t<div class=\"elementor-widget-wrap elementor-element-populated\">\n\t\t\t\t\t\t<div class=\"elementor-element elementor-element-76e2a72 elementor-widget elementor-widget-spacer\" data-id=\"76e2a72\" data-element_type=\"widget\" data-widget_type=\"spacer.default\">\n\t\t\t\t<div class=\"elementor-widget-container\">\n\t\t\t\t\t\t\t<div class=\"elementor-spacer\">\n\t\t\t<div class=\"elementor-spacer-inner\"><\/div>\n\t\t<\/div>\n\t\t\t\t\t\t<\/div>\n\t\t\t\t<\/div>\n\t\t\t\t<div class=\"elementor-element elementor-element-d6fe4d0 elementor-widget elementor-widget-image\" data-id=\"d6fe4d0\" data-element_type=\"widget\" data-widget_type=\"image.default\">\n\t\t\t\t<div class=\"elementor-widget-container\">\n\t\t\t\t\t\t\t\t\t\t\t\t\t\t\t<img decoding=\"async\" src=\"http:\/\/zanao.adv.br\/wp-content\/uploads\/elementor\/thumbs\/marca-zanao-advogados-p4db151x5jbasjvi95qb77kfri8khe9cj0yg7xnpju.png\" title=\"marca-zanao-advogados\" alt=\"marca-zanao-advogados\" loading=\"lazy\" \/>\t\t\t\t\t\t\t\t\t\t\t\t\t\t\t<\/div>\n\t\t\t\t<\/div>\n\t\t\t\t<div class=\"elementor-element elementor-element-9cda639 elementor-widget elementor-widget-spacer\" data-id=\"9cda639\" data-element_type=\"widget\" data-widget_type=\"spacer.default\">\n\t\t\t\t<div class=\"elementor-widget-container\">\n\t\t\t\t\t\t\t<div class=\"elementor-spacer\">\n\t\t\t<div class=\"elementor-spacer-inner\"><\/div>\n\t\t<\/div>\n\t\t\t\t\t\t<\/div>\n\t\t\t\t<\/div>\n\t\t\t\t\t<\/div>\n\t\t<\/div>\n\t\t\t\t<div class=\"elementor-column elementor-col-50 elementor-top-column elementor-element elementor-element-0f94cc3\" data-id=\"0f94cc3\" data-element_type=\"column\">\n\t\t\t<div class=\"elementor-widget-wrap elementor-element-populated\">\n\t\t\t\t\t\t<div class=\"elementor-element elementor-element-55b6f3a elementor-widget-divider--view-line elementor-widget elementor-widget-divider\" data-id=\"55b6f3a\" data-element_type=\"widget\" data-widget_type=\"divider.default\">\n\t\t\t\t<div class=\"elementor-widget-container\">\n\t\t\t\t\t\t\t<div class=\"elementor-divider\">\n\t\t\t<span class=\"elementor-divider-separator\">\n\t\t\t\t\t\t<\/span>\n\t\t<\/div>\n\t\t\t\t\t\t<\/div>\n\t\t\t\t<\/div>\n\t\t\t\t<div class=\"elementor-element elementor-element-65c7881 elementor-widget elementor-widget-text-editor\" data-id=\"65c7881\" data-element_type=\"widget\" data-widget_type=\"text-editor.default\">\n\t\t\t\t<div class=\"elementor-widget-container\">\n\t\t\t\t\t\t\t\t\t<p>S\u00e3o Paulo \/ Brasil<br \/>Tel. 11 <strong>3256 6680<\/strong><\/p>\t\t\t\t\t\t\t\t<\/div>\n\t\t\t\t<\/div>\n\t\t\t\t<div class=\"elementor-element elementor-element-6c0169a elementor-widget elementor-widget-spacer\" data-id=\"6c0169a\" data-element_type=\"widget\" data-widget_type=\"spacer.default\">\n\t\t\t\t<div class=\"elementor-widget-container\">\n\t\t\t\t\t\t\t<div class=\"elementor-spacer\">\n\t\t\t<div class=\"elementor-spacer-inner\"><\/div>\n\t\t<\/div>\n\t\t\t\t\t\t<\/div>\n\t\t\t\t<\/div>\n\t\t\t\t\t<\/div>\n\t\t<\/div>\n\t\t\t\t\t<\/div>\n\t\t<\/section>\n\t\t\t\t<section class=\"elementor-section elementor-top-section elementor-element elementor-element-6ae1a14 elementor-section-boxed elementor-section-height-default elementor-section-height-default\" data-id=\"6ae1a14\" data-element_type=\"section\" data-settings=\"{&quot;background_background&quot;:&quot;classic&quot;}\">\n\t\t\t\t\t\t<div class=\"elementor-container elementor-column-gap-default\">\n\t\t\t\t\t<div class=\"elementor-column elementor-col-50 elementor-top-column elementor-element elementor-element-6d47da0\" data-id=\"6d47da0\" data-element_type=\"column\">\n\t\t\t<div class=\"elementor-widget-wrap elementor-element-populated\">\n\t\t\t\t\t\t<div class=\"elementor-element elementor-element-e3aab43 elementor-widget elementor-widget-heading\" data-id=\"e3aab43\" data-element_type=\"widget\" data-widget_type=\"heading.default\">\n\t\t\t\t<div class=\"elementor-widget-container\">\n\t\t\t\t\t<h2 class=\"elementor-heading-title elementor-size-default\">\u00c1reas de <br>Atua\u00e7\u00e3o<\/h2>\t\t\t\t<\/div>\n\t\t\t\t<\/div>\n\t\t\t\t\t<\/div>\n\t\t<\/div>\n\t\t\t\t<div class=\"elementor-column elementor-col-50 elementor-top-column elementor-element elementor-element-0c9acd7\" data-id=\"0c9acd7\" data-element_type=\"column\">\n\t\t\t<div class=\"elementor-widget-wrap elementor-element-populated\">\n\t\t\t\t\t\t<div class=\"elementor-element elementor-element-595ad44 elementor-widget elementor-widget-text-editor\" data-id=\"595ad44\" data-element_type=\"widget\" data-widget_type=\"text-editor.default\">\n\t\t\t\t<div class=\"elementor-widget-container\">\n\t\t\t\t\t\t\t\t\t<p>Direito do Trabalho<br><\/p>\n<p>Direito Contratual<\/p><p>Direito Sindical<\/p>\t\t\t\t\t\t\t\t<\/div>\n\t\t\t\t<\/div>\n\t\t\t\t<div class=\"elementor-element elementor-element-1dd90d8 elementor-widget-divider--view-line elementor-widget elementor-widget-divider\" data-id=\"1dd90d8\" data-element_type=\"widget\" data-widget_type=\"divider.default\">\n\t\t\t\t<div class=\"elementor-widget-container\">\n\t\t\t\t\t\t\t<div class=\"elementor-divider\">\n\t\t\t<span class=\"elementor-divider-separator\">\n\t\t\t\t\t\t<\/span>\n\t\t<\/div>\n\t\t\t\t\t\t<\/div>\n\t\t\t\t<\/div>\n\t\t\t\t<div class=\"elementor-element elementor-element-db94e84 elementor-widget elementor-widget-text-editor\" data-id=\"db94e84\" data-element_type=\"widget\" data-widget_type=\"text-editor.default\">\n\t\t\t\t<div class=\"elementor-widget-container\">\n\t\t\t\t\t\t\t\t\t<p>Contencioso C\u00edvel<br \/>e Comercial<\/p><p>Contencioso Ambiental<\/p>\t\t\t\t\t\t\t\t<\/div>\n\t\t\t\t<\/div>\n\t\t\t\t<div class=\"elementor-element elementor-element-9a7f4c9 elementor-widget-divider--view-line elementor-widget elementor-widget-divider\" data-id=\"9a7f4c9\" data-element_type=\"widget\" data-widget_type=\"divider.default\">\n\t\t\t\t<div class=\"elementor-widget-container\">\n\t\t\t\t\t\t\t<div class=\"elementor-divider\">\n\t\t\t<span class=\"elementor-divider-separator\">\n\t\t\t\t\t\t<\/span>\n\t\t<\/div>\n\t\t\t\t\t\t<\/div>\n\t\t\t\t<\/div>\n\t\t\t\t<div class=\"elementor-element elementor-element-8c1f0cb elementor-widget elementor-widget-text-editor\" data-id=\"8c1f0cb\" data-element_type=\"widget\" data-widget_type=\"text-editor.default\">\n\t\t\t\t<div class=\"elementor-widget-container\">\n\t\t\t\t\t\t\t\t\t<p>Gest\u00e3o Patrimonial\u00a0e<br \/>Planejamento Sucess\u00f3rio<\/p>\t\t\t\t\t\t\t\t<\/div>\n\t\t\t\t<\/div>\n\t\t\t\t<div class=\"elementor-element elementor-element-a0f896d elementor-widget-divider--view-line elementor-widget elementor-widget-divider\" data-id=\"a0f896d\" data-element_type=\"widget\" data-widget_type=\"divider.default\">\n\t\t\t\t<div class=\"elementor-widget-container\">\n\t\t\t\t\t\t\t<div class=\"elementor-divider\">\n\t\t\t<span class=\"elementor-divider-separator\">\n\t\t\t\t\t\t<\/span>\n\t\t<\/div>\n\t\t\t\t\t\t<\/div>\n\t\t\t\t<\/div>\n\t\t\t\t<div class=\"elementor-element elementor-element-de0e3dd elementor-widget elementor-widget-text-editor\" data-id=\"de0e3dd\" data-element_type=\"widget\" data-widget_type=\"text-editor.default\">\n\t\t\t\t<div class=\"elementor-widget-container\">\n\t\t\t\t\t\t\t\t\t<p>Direito Imobili\u00e1rio<\/p>\t\t\t\t\t\t\t\t<\/div>\n\t\t\t\t<\/div>\n\t\t\t\t\t<\/div>\n\t\t<\/div>\n\t\t\t\t\t<\/div>\n\t\t<\/section>\n\t\t\t\t<section class=\"elementor-section elementor-top-section elementor-element elementor-element-8635a63 elementor-section-boxed elementor-section-height-default elementor-section-height-default\" data-id=\"8635a63\" data-element_type=\"section\" data-settings=\"{&quot;background_background&quot;:&quot;classic&quot;}\">\n\t\t\t\t\t\t<div class=\"elementor-container elementor-column-gap-default\">\n\t\t\t\t\t<div class=\"elementor-column elementor-col-100 elementor-top-column elementor-element elementor-element-d8619a4\" data-id=\"d8619a4\" data-element_type=\"column\">\n\t\t\t<div class=\"elementor-widget-wrap elementor-element-populated\">\n\t\t\t\t\t\t<div class=\"elementor-element elementor-element-c9e6d4f elementor-widget elementor-widget-heading\" data-id=\"c9e6d4f\" data-element_type=\"widget\" data-widget_type=\"heading.default\">\n\t\t\t\t<div class=\"elementor-widget-container\">\n\t\t\t\t\t<h2 class=\"elementor-heading-title elementor-size-default\">Mais de<br> 20 anos de<br>hist\u00f3ria<\/h2>\t\t\t\t<\/div>\n\t\t\t\t<\/div>\n\t\t\t\t\t<\/div>\n\t\t<\/div>\n\t\t\t\t\t<\/div>\n\t\t<\/section>\n\t\t\t\t<section class=\"elementor-section elementor-top-section elementor-element elementor-element-a16f1cb elementor-section-boxed elementor-section-height-default elementor-section-height-default\" data-id=\"a16f1cb\" data-element_type=\"section\" data-settings=\"{&quot;background_background&quot;:&quot;classic&quot;}\">\n\t\t\t\t\t\t<div class=\"elementor-container elementor-column-gap-default\">\n\t\t\t\t\t<div class=\"elementor-column elementor-col-25 elementor-top-column elementor-element elementor-element-4693b48\" data-id=\"4693b48\" data-element_type=\"column\">\n\t\t\t<div class=\"elementor-widget-wrap elementor-element-populated\">\n\t\t\t\t\t\t<div class=\"elementor-element elementor-element-3f34b7b elementor-widget elementor-widget-image\" data-id=\"3f34b7b\" data-element_type=\"widget\" data-widget_type=\"image.default\">\n\t\t\t\t<div class=\"elementor-widget-container\">\n\t\t\t\t\t\t\t\t\t\t\t\t\t\t\t<img fetchpriority=\"high\" decoding=\"async\" width=\"800\" height=\"800\" src=\"http:\/\/zanao.adv.br\/wp-content\/uploads\/2021\/03\/sp-3-1024x1024.jpg\" class=\"attachment-large size-large wp-image-276\" alt=\"\" srcset=\"http:\/\/zanao.adv.br\/wp-content\/uploads\/2021\/03\/sp-3-1024x1024.jpg 1024w, http:\/\/zanao.adv.br\/wp-content\/uploads\/2021\/03\/sp-3-300x300.jpg 300w, http:\/\/zanao.adv.br\/wp-content\/uploads\/2021\/03\/sp-3-150x150.jpg 150w, http:\/\/zanao.adv.br\/wp-content\/uploads\/2021\/03\/sp-3-768x768.jpg 768w, http:\/\/zanao.adv.br\/wp-content\/uploads\/2021\/03\/sp-3.jpg 1500w\" sizes=\"(max-width: 800px) 100vw, 800px\" \/>\t\t\t\t\t\t\t\t\t\t\t\t\t\t\t<\/div>\n\t\t\t\t<\/div>\n\t\t\t\t\t<\/div>\n\t\t<\/div>\n\t\t\t\t<div class=\"elementor-column elementor-col-25 elementor-top-column elementor-element elementor-element-324dba9\" data-id=\"324dba9\" data-element_type=\"column\">\n\t\t\t<div class=\"elementor-widget-wrap elementor-element-populated\">\n\t\t\t\t\t\t<div class=\"elementor-element elementor-element-2975704 elementor-widget elementor-widget-image\" data-id=\"2975704\" data-element_type=\"widget\" data-widget_type=\"image.default\">\n\t\t\t\t<div class=\"elementor-widget-container\">\n\t\t\t\t\t\t\t\t\t\t\t\t\t\t\t<img decoding=\"async\" width=\"800\" height=\"800\" src=\"http:\/\/zanao.adv.br\/wp-content\/uploads\/2021\/03\/sp-4-1024x1024.jpg\" class=\"attachment-large size-large wp-image-277\" alt=\"\" srcset=\"http:\/\/zanao.adv.br\/wp-content\/uploads\/2021\/03\/sp-4-1024x1024.jpg 1024w, http:\/\/zanao.adv.br\/wp-content\/uploads\/2021\/03\/sp-4-300x300.jpg 300w, http:\/\/zanao.adv.br\/wp-content\/uploads\/2021\/03\/sp-4-150x150.jpg 150w, http:\/\/zanao.adv.br\/wp-content\/uploads\/2021\/03\/sp-4-768x768.jpg 768w, http:\/\/zanao.adv.br\/wp-content\/uploads\/2021\/03\/sp-4.jpg 1500w\" sizes=\"(max-width: 800px) 100vw, 800px\" \/>\t\t\t\t\t\t\t\t\t\t\t\t\t\t\t<\/div>\n\t\t\t\t<\/div>\n\t\t\t\t\t<\/div>\n\t\t<\/div>\n\t\t\t\t<div class=\"elementor-column elementor-col-25 elementor-top-column elementor-element elementor-element-d49b459\" data-id=\"d49b459\" data-element_type=\"column\">\n\t\t\t<div class=\"elementor-widget-wrap elementor-element-populated\">\n\t\t\t\t\t\t<div class=\"elementor-element elementor-element-015e9ff elementor-widget elementor-widget-image\" data-id=\"015e9ff\" data-element_type=\"widget\" data-widget_type=\"image.default\">\n\t\t\t\t<div class=\"elementor-widget-container\">\n\t\t\t\t\t\t\t\t\t\t\t\t\t\t\t<img decoding=\"async\" width=\"800\" height=\"800\" src=\"http:\/\/zanao.adv.br\/wp-content\/uploads\/2021\/03\/sp-2-1024x1024.jpg\" class=\"attachment-large size-large wp-image-275\" alt=\"\" srcset=\"http:\/\/zanao.adv.br\/wp-content\/uploads\/2021\/03\/sp-2-1024x1024.jpg 1024w, http:\/\/zanao.adv.br\/wp-content\/uploads\/2021\/03\/sp-2-300x300.jpg 300w, http:\/\/zanao.adv.br\/wp-content\/uploads\/2021\/03\/sp-2-150x150.jpg 150w, http:\/\/zanao.adv.br\/wp-content\/uploads\/2021\/03\/sp-2-768x768.jpg 768w, http:\/\/zanao.adv.br\/wp-content\/uploads\/2021\/03\/sp-2.jpg 1500w\" sizes=\"(max-width: 800px) 100vw, 800px\" \/>\t\t\t\t\t\t\t\t\t\t\t\t\t\t\t<\/div>\n\t\t\t\t<\/div>\n\t\t\t\t\t<\/div>\n\t\t<\/div>\n\t\t\t\t<div class=\"elementor-column elementor-col-25 elementor-top-column elementor-element elementor-element-e06a946\" data-id=\"e06a946\" data-element_type=\"column\">\n\t\t\t<div class=\"elementor-widget-wrap elementor-element-populated\">\n\t\t\t\t\t\t<div class=\"elementor-element elementor-element-3d7355b elementor-widget elementor-widget-image\" data-id=\"3d7355b\" data-element_type=\"widget\" data-widget_type=\"image.default\">\n\t\t\t\t<div class=\"elementor-widget-container\">\n\t\t\t\t\t\t\t\t\t\t\t\t\t\t\t<img loading=\"lazy\" decoding=\"async\" width=\"800\" height=\"800\" src=\"http:\/\/zanao.adv.br\/wp-content\/uploads\/2021\/03\/sp-1-1024x1024.jpg\" class=\"attachment-large size-large wp-image-274\" alt=\"\" srcset=\"http:\/\/zanao.adv.br\/wp-content\/uploads\/2021\/03\/sp-1-1024x1024.jpg 1024w, http:\/\/zanao.adv.br\/wp-content\/uploads\/2021\/03\/sp-1-300x300.jpg 300w, http:\/\/zanao.adv.br\/wp-content\/uploads\/2021\/03\/sp-1-150x150.jpg 150w, http:\/\/zanao.adv.br\/wp-content\/uploads\/2021\/03\/sp-1-768x768.jpg 768w, http:\/\/zanao.adv.br\/wp-content\/uploads\/2021\/03\/sp-1.jpg 1500w\" sizes=\"(max-width: 800px) 100vw, 800px\" \/>\t\t\t\t\t\t\t\t\t\t\t\t\t\t\t<\/div>\n\t\t\t\t<\/div>\n\t\t\t\t\t<\/div>\n\t\t<\/div>\n\t\t\t\t\t<\/div>\n\t\t<\/section>\n\t\t\t\t<section class=\"elementor-section elementor-top-section elementor-element elementor-element-6552cfe elementor-section-boxed elementor-section-height-default elementor-section-height-default\" data-id=\"6552cfe\" data-element_type=\"section\" data-settings=\"{&quot;background_background&quot;:&quot;classic&quot;}\">\n\t\t\t\t\t\t<div class=\"elementor-container elementor-column-gap-default\">\n\t\t\t\t\t<div class=\"elementor-column elementor-col-100 elementor-top-column elementor-element elementor-element-8a95e51\" data-id=\"8a95e51\" data-element_type=\"column\">\n\t\t\t<div class=\"elementor-widget-wrap elementor-element-populated\">\n\t\t\t\t\t\t<div class=\"elementor-element elementor-element-68f03ac elementor-widget elementor-widget-text-editor\" data-id=\"68f03ac\" data-element_type=\"widget\" data-widget_type=\"text-editor.default\">\n\t\t\t\t<div class=\"elementor-widget-container\">\n\t\t\t\t\t\t\t\t\t<p>Ao longo de mais de duas d\u00e9cadas de exist\u00eancia firmou-se&nbsp;como verdadeiro escrit\u00f3rio \u201cboutique\u201d primando&nbsp;pelo atendimento personalizado. Cada&nbsp;causa \u00e9 acompanhada de perto por seus s\u00f3cios&nbsp;que juntamente com suas equipes tra\u00e7am a melhor&nbsp;estrat\u00e9gia para uma solu\u00e7\u00e3o adequada e inovadora&nbsp;dos problemas enfrentados por seus clientes,&nbsp;a fim de consolidar esta presta\u00e7\u00e3o de servi\u00e7o&nbsp;numa verdadeira parceria de sucesso.<\/p>\t\t\t\t\t\t\t\t<\/div>\n\t\t\t\t<\/div>\n\t\t\t\t\t<\/div>\n\t\t<\/div>\n\t\t\t\t\t<\/div>\n\t\t<\/section>\n\t\t\t\t<section class=\"elementor-section elementor-top-section elementor-element elementor-element-ad9bff2 elementor-section-boxed elementor-section-height-default elementor-section-height-default\" data-id=\"ad9bff2\" data-element_type=\"section\" data-settings=\"{&quot;background_background&quot;:&quot;classic&quot;}\">\n\t\t\t\t\t\t<div class=\"elementor-container elementor-column-gap-default\">\n\t\t\t\t\t<div class=\"elementor-column elementor-col-100 elementor-top-column elementor-element elementor-element-92670ae\" data-id=\"92670ae\" data-element_type=\"column\">\n\t\t\t<div class=\"elementor-widget-wrap elementor-element-populated\">\n\t\t\t\t\t\t<div class=\"elementor-element elementor-element-af44eb1 elementor-widget elementor-widget-heading\" data-id=\"af44eb1\" data-element_type=\"widget\" data-widget_type=\"heading.default\">\n\t\t\t\t<div class=\"elementor-widget-container\">\n\t\t\t\t\t<h2 class=\"elementor-heading-title elementor-size-default\">Multidisciplinares<\/h2>\t\t\t\t<\/div>\n\t\t\t\t<\/div>\n\t\t\t\t<div class=\"elementor-element elementor-element-5b0a1ef elementor-widget elementor-widget-text-editor\" data-id=\"5b0a1ef\" data-element_type=\"widget\" data-widget_type=\"text-editor.default\">\n\t\t\t\t<div class=\"elementor-widget-container\">\n\t\t\t\t\t\t\t\t\t<p>O escrit\u00f3rio possui atua\u00e7\u00e3o multidisciplinar sendo\u00a0altamente especializado em Direito do Trabalho\u00a0no qual se diferencia por atuar no ramo do\u00a0Direito Coletivo e Sindical, com grande destaque\u00a0para a\u00e7\u00f5es civis p\u00fablicas e inqu\u00e9ritos civis, nos diversos\u00a0tribunais do territ\u00f3rio nacional e \u00f3rg\u00e3os da\u00a0administra\u00e7\u00e3o p\u00fablica.<\/p><p>Para que a assessoria jur\u00eddica a seus clientes seja completa, <strong>ZAN\u00c3O ADVOGADOS<\/strong> atua tamb\u00e9m na seara do Direito Civil e Empresarial com abrang\u00eancia nas mais diversas especialidades em destaque para o planejamento sucess\u00f3rio, imobili\u00e1rio, contratual, consumidor, banc\u00e1rio e societ\u00e1rio.<\/p><p>Transpar\u00eancia e absoluta confidencialidade s\u00e3o\u00a0valores que pautam a atua\u00e7\u00e3o do escrit\u00f3rio desde\u00a0a sua funda\u00e7\u00e3o. Esses atributos, somados a profissionais\u00a0altamente qualificados e din\u00e2micos, norteados\u00a0por uma rela\u00e7\u00e3o de parceria com seus clientes\u00a0na busca constante da excel\u00eancia para supera\u00e7\u00e3o\u00a0de suas expectativas, t\u00eam permitido a <strong>ZAN\u00c3O ADVOGADOS<\/strong> destacar-se pela conquista de\u00a0vit\u00f3rias importantes junto ao Poder Judici\u00e1rio.<\/p><p>Toda a equipe preza pela tranquilidade de seus clientes,\u00a0cuidando de todas as etapas do processo de\u00a0defesa a pessoas f\u00edsicas ou jur\u00eddicas. Para isso,\u00a0disp\u00f5e de estrutura moderna, proporcionando\u00a0uma presta\u00e7\u00e3o de servi\u00e7os \u00e1gil e eficiente guiada\u00a0pelos valores de \u00c9TICA, EXCEL\u00caNCIA E RESPEITO\u00a0ao cliente, principal motivo de sua exist\u00eancia.<\/p>\t\t\t\t\t\t\t\t<\/div>\n\t\t\t\t<\/div>\n\t\t\t\t\t<\/div>\n\t\t<\/div>\n\t\t\t\t\t<\/div>\n\t\t<\/section>\n\t\t\t\t<section class=\"elementor-section elementor-top-section elementor-element elementor-element-b4a521f elementor-section-boxed elementor-section-height-default elementor-section-height-default\" data-id=\"b4a521f\" data-element_type=\"section\" data-settings=\"{&quot;background_background&quot;:&quot;classic&quot;}\">\n\t\t\t\t\t\t<div class=\"elementor-container elementor-column-gap-default\">\n\t\t\t\t\t<div class=\"elementor-column elementor-col-50 elementor-top-column elementor-element elementor-element-8f28e59\" data-id=\"8f28e59\" data-element_type=\"column\">\n\t\t\t<div class=\"elementor-widget-wrap elementor-element-populated\">\n\t\t\t\t\t\t<div class=\"elementor-element elementor-element-e436b82 elementor-widget elementor-widget-image\" data-id=\"e436b82\" data-element_type=\"widget\" data-widget_type=\"image.default\">\n\t\t\t\t<div class=\"elementor-widget-container\">\n\t\t\t\t\t\t\t\t\t\t\t\t\t\t\t<img decoding=\"async\" src=\"http:\/\/zanao.adv.br\/wp-content\/uploads\/elementor\/thumbs\/marca-zanao-advogados-p4db151wsdojg4mo8b2p4inxkgic9mvzjj88zeh0yc.png\" title=\"marca-zanao-advogados\" alt=\"marca-zanao-advogados\" loading=\"lazy\" \/>\t\t\t\t\t\t\t\t\t\t\t\t\t\t\t<\/div>\n\t\t\t\t<\/div>\n\t\t\t\t\t<\/div>\n\t\t<\/div>\n\t\t\t\t<div class=\"elementor-column elementor-col-50 elementor-top-column elementor-element elementor-element-64a1794\" data-id=\"64a1794\" data-element_type=\"column\">\n\t\t\t<div class=\"elementor-widget-wrap elementor-element-populated\">\n\t\t\t\t\t\t<div class=\"elementor-element elementor-element-2d4811a elementor-widget elementor-widget-spacer\" data-id=\"2d4811a\" data-element_type=\"widget\" data-widget_type=\"spacer.default\">\n\t\t\t\t<div class=\"elementor-widget-container\">\n\t\t\t\t\t\t\t<div class=\"elementor-spacer\">\n\t\t\t<div class=\"elementor-spacer-inner\"><\/div>\n\t\t<\/div>\n\t\t\t\t\t\t<\/div>\n\t\t\t\t<\/div>\n\t\t\t\t<div class=\"elementor-element elementor-element-bf576c9 elementor-widget__width-auto elementor-view-default elementor-widget elementor-widget-icon\" data-id=\"bf576c9\" data-element_type=\"widget\" data-widget_type=\"icon.default\">\n\t\t\t\t<div class=\"elementor-widget-container\">\n\t\t\t\t\t\t\t<div class=\"elementor-icon-wrapper\">\n\t\t\t<a class=\"elementor-icon\" href=\"https:\/\/www.instagram.com\/zanao_advogados\/\" target=\"_blank\">\n\t\t\t<svg aria-hidden=\"true\" class=\"e-font-icon-svg e-fab-instagram\" viewBox=\"0 0 448 512\" xmlns=\"http:\/\/www.w3.org\/2000\/svg\"><path d=\"M224.1 141c-63.6 0-114.9 51.3-114.9 114.9s51.3 114.9 114.9 114.9S339 319.5 339 255.9 287.7 141 224.1 141zm0 189.6c-41.1 0-74.7-33.5-74.7-74.7s33.5-74.7 74.7-74.7 74.7 33.5 74.7 74.7-33.6 74.7-74.7 74.7zm146.4-194.3c0 14.9-12 26.8-26.8 26.8-14.9 0-26.8-12-26.8-26.8s12-26.8 26.8-26.8 26.8 12 26.8 26.8zm76.1 27.2c-1.7-35.9-9.9-67.7-36.2-93.9-26.2-26.2-58-34.4-93.9-36.2-37-2.1-147.9-2.1-184.9 0-35.8 1.7-67.6 9.9-93.9 36.1s-34.4 58-36.2 93.9c-2.1 37-2.1 147.9 0 184.9 1.7 35.9 9.9 67.7 36.2 93.9s58 34.4 93.9 36.2c37 2.1 147.9 2.1 184.9 0 35.9-1.7 67.7-9.9 93.9-36.2 26.2-26.2 34.4-58 36.2-93.9 2.1-37 2.1-147.8 0-184.8zM398.8 388c-7.8 19.6-22.9 34.7-42.6 42.6-29.5 11.7-99.5 9-132.1 9s-102.7 2.6-132.1-9c-19.6-7.8-34.7-22.9-42.6-42.6-11.7-29.5-9-99.5-9-132.1s-2.6-102.7 9-132.1c7.8-19.6 22.9-34.7 42.6-42.6 29.5-11.7 99.5-9 132.1-9s102.7-2.6 132.1 9c19.6 7.8 34.7 22.9 42.6 42.6 11.7 29.5 9 99.5 9 132.1s2.7 102.7-9 132.1z\"><\/path><\/svg>\t\t\t<\/a>\n\t\t<\/div>\n\t\t\t\t\t\t<\/div>\n\t\t\t\t<\/div>\n\t\t\t\t<div class=\"elementor-element elementor-element-2c165b2 elementor-widget__width-auto elementor-view-default elementor-widget elementor-widget-icon\" data-id=\"2c165b2\" data-element_type=\"widget\" data-widget_type=\"icon.default\">\n\t\t\t\t<div class=\"elementor-widget-container\">\n\t\t\t\t\t\t\t<div class=\"elementor-icon-wrapper\">\n\t\t\t<a class=\"elementor-icon\" href=\"https:\/\/www.linkedin.com\/company\/zanao-advogados\/\" target=\"_blank\">\n\t\t\t<svg aria-hidden=\"true\" class=\"e-font-icon-svg e-fab-linkedin\" viewBox=\"0 0 448 512\" xmlns=\"http:\/\/www.w3.org\/2000\/svg\"><path d=\"M416 32H31.9C14.3 32 0 46.5 0 64.3v383.4C0 465.5 14.3 480 31.9 480H416c17.6 0 32-14.5 32-32.3V64.3c0-17.8-14.4-32.3-32-32.3zM135.4 416H69V202.2h66.5V416zm-33.2-243c-21.3 0-38.5-17.3-38.5-38.5S80.9 96 102.2 96c21.2 0 38.5 17.3 38.5 38.5 0 21.3-17.2 38.5-38.5 38.5zm282.1 243h-66.4V312c0-24.8-.5-56.7-34.5-56.7-34.6 0-39.9 27-39.9 54.9V416h-66.4V202.2h63.7v29.2h.9c8.9-16.8 30.6-34.5 62.9-34.5 67.2 0 79.7 44.3 79.7 101.9V416z\"><\/path><\/svg>\t\t\t<\/a>\n\t\t<\/div>\n\t\t\t\t\t\t<\/div>\n\t\t\t\t<\/div>\n\t\t\t\t<div class=\"elementor-element elementor-element-038773b elementor-widget__width-auto elementor-view-default elementor-widget elementor-widget-icon\" data-id=\"038773b\" data-element_type=\"widget\" data-widget_type=\"icon.default\">\n\t\t\t\t<div class=\"elementor-widget-container\">\n\t\t\t\t\t\t\t<div class=\"elementor-icon-wrapper\">\n\t\t\t<a class=\"elementor-icon\" href=\"https:\/\/www.facebook.com\/Zan%C3%A3o-Advogados-104772678459110\" target=\"_blank\">\n\t\t\t<svg aria-hidden=\"true\" class=\"e-font-icon-svg e-fab-facebook-f\" viewBox=\"0 0 320 512\" xmlns=\"http:\/\/www.w3.org\/2000\/svg\"><path d=\"M279.14 288l14.22-92.66h-88.91v-60.13c0-25.35 12.42-50.06 52.24-50.06h40.42V6.26S260.43 0 225.36 0c-73.22 0-121.08 44.38-121.08 124.72v70.62H22.89V288h81.39v224h100.17V288z\"><\/path><\/svg>\t\t\t<\/a>\n\t\t<\/div>\n\t\t\t\t\t\t<\/div>\n\t\t\t\t<\/div>\n\t\t\t\t<div class=\"elementor-element elementor-element-de56fa8 elementor-widget elementor-widget-text-editor\" data-id=\"de56fa8\" data-element_type=\"widget\" data-widget_type=\"text-editor.default\">\n\t\t\t\t<div class=\"elementor-widget-container\">\n\t\t\t\t\t\t\t\t\t<p>S\u00e3o Paulo \/ Brasil<br \/><span style=\"font-size: 1rem;\">Tel. 11 <\/span><strong style=\"font-size: 1rem;\">3256 6680<\/strong><\/p>\t\t\t\t\t\t\t\t<\/div>\n\t\t\t\t<\/div>\n\t\t\t\t\t<\/div>\n\t\t<\/div>\n\t\t\t\t\t<\/div>\n\t\t<\/section>\n\t\t\t\t<\/div>\n\t\t","protected":false},"excerpt":{"rendered":"<p>S\u00e3o Paulo \/ BrasilTel. 11 3256 6680 \u00c1reas de Atua\u00e7\u00e3o Direito do Trabalho Direito Contratual Direito Sindical Contencioso C\u00edvele Comercial Contencioso Ambiental Gest\u00e3o Patrimonial\u00a0ePlanejamento Sucess\u00f3rio Direito Imobili\u00e1rio Mais de 20 anos dehist\u00f3ria Ao longo de mais de duas d\u00e9cadas de exist\u00eancia firmou-se&nbsp;como verdadeiro escrit\u00f3rio \u201cboutique\u201d primando&nbsp;pelo atendimento personalizado. Cada&nbsp;causa \u00e9 acompanhada de perto por seus [&hellip;]<\/p>\n","protected":false},"author":1,"featured_media":0,"parent":0,"menu_order":0,"comment_status":"closed","ping_status":"closed","template":"","meta":{"footnotes":""},"class_list":["post-7","page","type-page","status-publish","hentry"],"aioseo_notices":[],"_links":{"self":[{"href":"https:\/\/zanao.adv.br\/index.php?rest_route=\/wp\/v2\/pages\/7","targetHints":{"allow":["GET"]}}],"collection":[{"href":"https:\/\/zanao.adv.br\/index.php?rest_route=\/wp\/v2\/pages"}],"about":[{"href":"https:\/\/zanao.adv.br\/index.php?rest_route=\/wp\/v2\/types\/page"}],"author":[{"embeddable":true,"href":"https:\/\/zanao.adv.br\/index.php?rest_route=\/wp\/v2\/users\/1"}],"replies":[{"embeddable":true,"href":"https:\/\/zanao.adv.br\/index.php?rest_route=%2Fwp%2Fv2%2Fcomments&post=7"}],"version-history":[{"count":0,"href":"https:\/\/zanao.adv.br\/index.php?rest_route=\/wp\/v2\/pages\/7\/revisions"}],"wp:attachment":[{"href":"https:\/\/zanao.adv.br\/index.php?rest_route=%2Fwp%2Fv2%2Fmedia&parent=7"}],"curies":[{"name":"wp","href":"https:\/\/api.w.org\/{rel}","templated":true}]}}